{"id":169,"date":"2020-05-17T14:39:37","date_gmt":"2020-05-17T12:39:37","guid":{"rendered":"https:\/\/www.beatricepugni.it\/about\/"},"modified":"2020-06-18T16:49:33","modified_gmt":"2020-06-18T14:49:33","slug":"chi-sono","status":"publish","type":"page","link":"https:\/\/www.beatricepugni.it\/it\/chi-sono\/","title":{"rendered":"Chi sono"},"content":{"rendered":"<p>Il mio obiettivo professionale \u00e8 soddisfare le richieste progettuali del cliente.<br \/>\nMi occupo della fase di ricerca, della formulazione di una proposta stilistica e della realizzazione di tavole tecniche, proponendo delle soluzioni pratiche. La mia area di intervento pu\u00f2 variare e andare pi\u00f9 o meno in profondit\u00e0.<\/p>\n<div class=\"slogan\">\n<h3>lavoro con creativit\u00e0<br \/>\nagisco con la tecnica<\/h3>\n<p>&thinsp;<br \/>\nPosso occuparmi di digitalizzare degli schizzi e delle bozze, traducendoli in un <strong>linguaggio tecnico<\/strong> e limando i dettagli modellistici e costruttivi, cercando di <strong>perfezionare<\/strong> il progetto.<br \/>\nFin da tenera et\u00e0 ho potuto immergermi in un mondo di tessuti, confezione e accessoristica.<br \/>\nTastavo ci\u00f2 che mi circondava affinando la mia sensibilit\u00e0, osservavo e immaginavo mondi possibili in cui i materiali diventavano linguaggio per raccontare i miei mondi. Nel tempo ci\u00f2 si \u00e8 tradotto in abbigliamento e accessori che io stessa indossavo.<\/p>\n<\/div>\n<p><img loading=\"lazy\" decoding=\"async\" class=\"size-full wp-image-87 alignnone\" src=\"https:\/\/www.beatricepugni.it\/wp-content\/uploads\/2020\/03\/DSC_2985-scaled.jpg\" alt=\"\" width=\"2560\" height=\"1714\" \/><\/p>\n<p><img loading=\"lazy\" decoding=\"async\" class=\"alignnone size-full wp-image-87\" src=\"https:\/\/www.beatricepugni.it\/wp-content\/uploads\/2020\/03\/DSC_3016-scaled.jpg\" alt=\"\" width=\"2560\" height=\"1714\" srcset=\"https:\/\/www.beatricepugni.it\/wp-content\/uploads\/2020\/03\/DSC_3016-scaled.jpg 2560w, https:\/\/www.beatricepugni.it\/wp-content\/uploads\/2020\/03\/DSC_3016-300x201.jpg 300w, https:\/\/www.beatricepugni.it\/wp-content\/uploads\/2020\/03\/DSC_3016-1024x685.jpg 1024w, https:\/\/www.beatricepugni.it\/wp-content\/uploads\/2020\/03\/DSC_3016-768x514.jpg 768w, https:\/\/www.beatricepugni.it\/wp-content\/uploads\/2020\/03\/DSC_3016-1536x1028.jpg 1536w, https:\/\/www.beatricepugni.it\/wp-content\/uploads\/2020\/03\/DSC_3016-2048x1371.jpg 2048w\" sizes=\"auto, (max-width: 706px) 89vw, (max-width: 767px) 82vw, 740px\" \/><\/p>\n<p>La scelta di far confluire questa empatia in qualcosa di utile e strumentale, mi ha portata a selezionare il percorso di formazione in Design del Prodotto.<br \/>\nNel tempo a questi studi ne ho aggregati altri di conoscenze tecniche, e quindi poi espressive come la Sartoria e la Modellistica.<\/p>\n<div class=\"slogan\">\n<h3>la sartoria e la modellistica<br \/>\ncome linguaggio espressivo<\/h3>\n<\/div>\n<p>&thinsp;<br \/>\nEntrambe declinate sia al contesto della confezione Industriale, sia a quello Artigianale -quindi del su misura.<br \/>\nAnche il mio percorso di professionista si \u00e8 mosso su questi due fronti.<br \/>\nLa mia passione \u00e8 portare l\u2019espressivit\u00e0 del dettaglio artigianale su scala industriale, per una confezione in serie. Senza compromettere le esigenze economiche e la fattibilit\u00e0 del prodotto.<\/p>\n<p>Ho molta <strong>attenzione<\/strong> per i dettagli progettuali. Dedico ascolto per comprendere le <strong>esigenze del cliente<\/strong>, e per questo reputo fondamentale la stesura di un brief chiaro ed esplicito.<br \/>\nIl <strong>dialogo<\/strong> con il cliente \u00e8 per me imprescindibile per la buona riuscita della collaborazione. Perch\u00e8 non si tratta semplicemente di realizzare tavole&#8230;ma bens\u00ec di progetti nati e ben risuciti grazie a una relazione fatta di scambio di informazioni per il raggiungimento di un fine comune.<\/p>\n<p><img loading=\"lazy\" decoding=\"async\" class=\"alignnone size-full wp-image-107\" src=\"https:\/\/www.beatricepugni.it\/wp-content\/uploads\/2020\/04\/DSC_3024-scaled.jpg\" alt=\"\" width=\"2560\" height=\"1714\" srcset=\"https:\/\/www.beatricepugni.it\/wp-content\/uploads\/2020\/04\/DSC_3024-scaled.jpg 2560w, https:\/\/www.beatricepugni.it\/wp-content\/uploads\/2020\/04\/DSC_3024-300x201.jpg 300w, https:\/\/www.beatricepugni.it\/wp-content\/uploads\/2020\/04\/DSC_3024-1024x685.jpg 1024w, https:\/\/www.beatricepugni.it\/wp-content\/uploads\/2020\/04\/DSC_3024-768x514.jpg 768w, https:\/\/www.beatricepugni.it\/wp-content\/uploads\/2020\/04\/DSC_3024-1536x1028.jpg 1536w, https:\/\/www.beatricepugni.it\/wp-content\/uploads\/2020\/04\/DSC_3024-2048x1371.jpg 2048w\" sizes=\"auto, (max-width: 706px) 89vw, (max-width: 767px) 82vw, 740px\" \/><\/p>\n<p>Nel mio processo di lavoro parto da un brief e talvolta anche da un colloquio con il cliente, per comprenderne le esigenze.<br \/>\nIn base all\u2019ampiezza del mio intervento, ci\u00f2 di cui mi occupo pu\u00f2 riguardare la <strong>ricerca<\/strong> di tendenze e lo studio dei brand competitors, sia in termini di posizionamento sia di linguaggio stilistico. Proseguo con una mia <strong>sintesi<\/strong> e compongo una tavola di ispirazione. Parallelamente inizio la ricerca e lo <strong>studio dei materiali<\/strong> e, dove serve, delle ultime <strong>innovazioni<\/strong> nell\u2019ambito. A questo fine ritengo indispensabile e parecchio stimolante frequentare gli appuntamenti fieristici del settore, come Ispo, Performance Days e, in un ambito pi\u00f9 fashion, MilanoUnica e Premi\u00e8r Vision.<\/p>\n<div class=\"slogan\">\n<h3>ascolto del cliente e dialogo<br \/>\nper una collaborazione soddisfacente<\/h3>\n<\/div>\n<p>&thinsp;<br \/>\nSegue una sintesi di ispirazioni, tendenze e ricerca materiali, che mi porta a elaborare delle <strong>proposte<\/strong> stilistiche che vogliono accordare esigenze di <strong>fattibilit\u00e0 tencica<\/strong> e confezione.<br \/>\nSpesso realizzo <strong>prototipi<\/strong> sia per risolvere dubbi tecnici, sia per confermare la sequenza costruttiva e le linee di taglio e modellazione.<\/p>\n<p><img loading=\"lazy\" decoding=\"async\" class=\"alignnone size-full wp-image-109\" src=\"https:\/\/www.beatricepugni.it\/wp-content\/uploads\/2020\/04\/DSC_3036-scaled.jpg\" alt=\"\" width=\"2560\" height=\"1714\" srcset=\"https:\/\/www.beatricepugni.it\/wp-content\/uploads\/2020\/04\/DSC_3036-scaled.jpg 2560w, https:\/\/www.beatricepugni.it\/wp-content\/uploads\/2020\/04\/DSC_3036-300x201.jpg 300w, https:\/\/www.beatricepugni.it\/wp-content\/uploads\/2020\/04\/DSC_3036-1024x685.jpg 1024w, https:\/\/www.beatricepugni.it\/wp-content\/uploads\/2020\/04\/DSC_3036-768x514.jpg 768w, https:\/\/www.beatricepugni.it\/wp-content\/uploads\/2020\/04\/DSC_3036-1536x1028.jpg 1536w, https:\/\/www.beatricepugni.it\/wp-content\/uploads\/2020\/04\/DSC_3036-2048x1371.jpg 2048w\" sizes=\"auto, (max-width: 706px) 89vw, (max-width: 767px) 82vw, 740px\" \/><\/p>\n<p>Ci\u00f2 mi \u00e8 possibile grazie alle competenze in confezione e <strong>modellistica<\/strong>.<br \/>\nUna volta consegnato il progetto \u00e8 possibile un successivo scambio di informazioni con il cliente. Talvolta \u00e8 necessario revisionare alcuni dettagli, motivo per il quale ritengo necessaria una collaborativit\u00e0 reciproca.<\/p>\n<p>Per visionare come concretamente applico il mio metodo di lavoro, invito a esplorare la sezione <strong>Portfolio<\/strong> del sito dove si possono visionare alcuni progetti.<\/p>\n","protected":false},"excerpt":{"rendered":"<p>Il mio obiettivo professionale \u00e8 soddisfare le richieste progettuali del cliente. Mi occupo della fase di ricerca, della formulazione di una proposta stilistica e della realizzazione di tavole tecniche, proponendo delle soluzioni pratiche. La mia area di intervento pu\u00f2 variare e andare pi\u00f9 o meno in profondit\u00e0. lavoro con creativit\u00e0 agisco con la tecnica &thinsp; &hellip; <\/p>\n<p class=\"link-more\"><a href=\"https:\/\/www.beatricepugni.it\/it\/chi-sono\/\" class=\"more-link\">Leggi tutto<span class=\"screen-reader-text\"> &#8220;Chi sono&#8221;<\/span><\/a><\/p>\n","protected":false},"author":1,"featured_media":0,"parent":0,"menu_order":0,"comment_status":"closed","ping_status":"open","template":"","meta":{"_acf_changed":false,"inline_featured_image":false,"footnotes":""},"class_list":["post-169","page","type-page","status-publish","hentry"],"acf":[],"_links":{"self":[{"href":"https:\/\/www.beatricepugni.it\/it\/wp-json\/wp\/v2\/pages\/169","targetHints":{"allow":["GET"]}}],"collection":[{"href":"https:\/\/www.beatricepugni.it\/it\/wp-json\/wp\/v2\/pages"}],"about":[{"href":"https:\/\/www.beatricepugni.it\/it\/wp-json\/wp\/v2\/types\/page"}],"author":[{"embeddable":true,"href":"https:\/\/www.beatricepugni.it\/it\/wp-json\/wp\/v2\/users\/1"}],"replies":[{"embeddable":true,"href":"https:\/\/www.beatricepugni.it\/it\/wp-json\/wp\/v2\/comments?post=169"}],"version-history":[{"count":42,"href":"https:\/\/www.beatricepugni.it\/it\/wp-json\/wp\/v2\/pages\/169\/revisions"}],"predecessor-version":[{"id":298,"href":"https:\/\/www.beatricepugni.it\/it\/wp-json\/wp\/v2\/pages\/169\/revisions\/298"}],"wp:attachment":[{"href":"https:\/\/www.beatricepugni.it\/it\/wp-json\/wp\/v2\/media?parent=169"}],"curies":[{"name":"wp","href":"https:\/\/api.w.org\/{rel}","templated":true}]}}